{"id":52582,"date":"2018-09-04T16:10:46","date_gmt":"2018-09-04T16:10:46","guid":{"rendered":"http:\/\/manezylozano.com\/?page_id=52582"},"modified":"2019-04-22T10:24:27","modified_gmt":"2019-04-22T10:24:27","slug":"mandos-atomizadores-manez-lozano","status":"publish","type":"page","link":"https:\/\/manezylozano.com\/en\/productos-1\/mandos-atomizadores-manez-lozano\/","title":{"rendered":"Mandos atomizadores"},"content":{"rendered":"","protected":false},"excerpt":{"rendered":"","protected":false},"author":1,"featured_media":0,"parent":51848,"menu_order":10,"comment_status":"closed","ping_status":"closed","template":"template-portfolio-masonry.php","meta":{"_monsterinsights_skip_tracking":false,"_monsterinsights_sitenote_active":false,"_monsterinsights_sitenote_note":"","_monsterinsights_sitenote_category":0,"footnotes":""},"yoast_head":"<!-- This site is optimized with the Yoast SEO plugin v23.3 - https:\/\/yoast.com\/wordpress\/plugins\/seo\/ -->\n<title>Mandos atomizadores - Ma\u00f1ez y Lozano Twister Sprayers<\/title>\n<meta name=\"description\" content=\"Mandos para atomizadores Ma\u00f1ez y Lozano Twister Sprayers. Fabricamos nuestros propios mandos, tanto los mandos manuales c\u00f3mo mandos el\u00e9ctricos\" \/>\n<meta name=\"robots\" content=\"index, follow, max-snippet:-1, max-image-preview:large, max-video-preview:-1\" \/>\n<link rel=\"canonical\" href=\"https:\/\/manezylozano.com\/productos-1\/mandos-atomizadores-manez-lozano\/\" \/>\n<meta property=\"og:locale\" content=\"en_US\" \/>\n<meta property=\"og:type\" content=\"article\" \/>\n<meta property=\"og:title\" content=\"Mandos atomizadores - Ma\u00f1ez y Lozano Twister Sprayers\" \/>\n<meta property=\"og:description\" content=\"Mandos para atomizadores Ma\u00f1ez y Lozano Twister Sprayers. Fabricamos nuestros propios mandos, tanto los mandos manuales c\u00f3mo mandos el\u00e9ctricos\" \/>\n<meta property=\"og:url\" content=\"https:\/\/manezylozano.com\/productos-1\/mandos-atomizadores-manez-lozano\/\" \/>\n<meta property=\"og:site_name\" content=\"Ma\u00f1ez y Lozano\" \/>\n<meta property=\"article:modified_time\" content=\"2019-04-22T10:24:27+00:00\" \/>\n<meta name=\"twitter:card\" content=\"summary_large_image\" \/>\n<script type=\"application\/ld+json\" class=\"yoast-schema-graph\">{\"@context\":\"https:\/\/schema.org\",\"@graph\":[{\"@type\":\"WebPage\",\"@id\":\"https:\/\/manezylozano.com\/productos-1\/mandos-atomizadores-manez-lozano\/\",\"url\":\"https:\/\/manezylozano.com\/productos-1\/mandos-atomizadores-manez-lozano\/\",\"name\":\"Mandos atomizadores - Ma\u00f1ez y Lozano Twister Sprayers\",\"isPartOf\":{\"@id\":\"https:\/\/manezylozano.com\/#website\"},\"datePublished\":\"2018-09-04T16:10:46+00:00\",\"dateModified\":\"2019-04-22T10:24:27+00:00\",\"description\":\"Mandos para atomizadores Ma\u00f1ez y Lozano Twister Sprayers. Fabricamos nuestros propios mandos, tanto los mandos manuales c\u00f3mo mandos el\u00e9ctricos\",\"breadcrumb\":{\"@id\":\"https:\/\/manezylozano.com\/productos-1\/mandos-atomizadores-manez-lozano\/#breadcrumb\"},\"inLanguage\":\"en-US\",\"potentialAction\":[{\"@type\":\"ReadAction\",\"target\":[\"https:\/\/manezylozano.com\/productos-1\/mandos-atomizadores-manez-lozano\/\"]}]},{\"@type\":\"BreadcrumbList\",\"@id\":\"https:\/\/manezylozano.com\/productos-1\/mandos-atomizadores-manez-lozano\/#breadcrumb\",\"itemListElement\":[{\"@type\":\"ListItem\",\"position\":1,\"name\":\"Portada\",\"item\":\"https:\/\/manezylozano.com\/en\/\"},{\"@type\":\"ListItem\",\"position\":2,\"name\":\"Productos\",\"item\":\"https:\/\/manezylozano.com\/?page_id=51848\"},{\"@type\":\"ListItem\",\"position\":3,\"name\":\"Mandos atomizadores\"}]},{\"@type\":\"WebSite\",\"@id\":\"https:\/\/manezylozano.com\/#website\",\"url\":\"https:\/\/manezylozano.com\/\",\"name\":\"Ma\u00f1ez y Lozano\",\"description\":\"Atomizadores\",\"publisher\":{\"@id\":\"https:\/\/manezylozano.com\/#organization\"},\"potentialAction\":[{\"@type\":\"SearchAction\",\"target\":{\"@type\":\"EntryPoint\",\"urlTemplate\":\"https:\/\/manezylozano.com\/?s={search_term_string}\"},\"query-input\":\"required name=search_term_string\"}],\"inLanguage\":\"en-US\"},{\"@type\":\"Organization\",\"@id\":\"https:\/\/manezylozano.com\/#organization\",\"name\":\"Ma\u00f1ez y Lozano\",\"url\":\"https:\/\/manezylozano.com\/\",\"logo\":{\"@type\":\"ImageObject\",\"inLanguage\":\"en-US\",\"@id\":\"https:\/\/manezylozano.com\/#\/schema\/logo\/image\/\",\"url\":\"https:\/\/manezylozano.com\/wp-content\/uploads\/2018\/03\/3CC1936C-CABB-494E-A4AF-4F29BCB3D712.png\",\"contentUrl\":\"https:\/\/manezylozano.com\/wp-content\/uploads\/2018\/03\/3CC1936C-CABB-494E-A4AF-4F29BCB3D712.png\",\"width\":200,\"height\":101,\"caption\":\"Ma\u00f1ez y Lozano\"},\"image\":{\"@id\":\"https:\/\/manezylozano.com\/#\/schema\/logo\/image\/\"}}]}<\/script>\n<!-- \/ Yoast SEO plugin. -->","yoast_head_json":{"title":"Mandos atomizadores - Ma\u00f1ez y Lozano Twister Sprayers","description":"Mandos para atomizadores Ma\u00f1ez y Lozano Twister Sprayers. Fabricamos nuestros propios mandos, tanto los mandos manuales c\u00f3mo mandos el\u00e9ctricos","robots":{"index":"index","follow":"follow","max-snippet":"max-snippet:-1","max-image-preview":"max-image-preview:large","max-video-preview":"max-video-preview:-1"},"canonical":"https:\/\/manezylozano.com\/productos-1\/mandos-atomizadores-manez-lozano\/","og_locale":"en_US","og_type":"article","og_title":"Mandos atomizadores - Ma\u00f1ez y Lozano Twister Sprayers","og_description":"Mandos para atomizadores Ma\u00f1ez y Lozano Twister Sprayers. Fabricamos nuestros propios mandos, tanto los mandos manuales c\u00f3mo mandos el\u00e9ctricos","og_url":"https:\/\/manezylozano.com\/productos-1\/mandos-atomizadores-manez-lozano\/","og_site_name":"Ma\u00f1ez y Lozano","article_modified_time":"2019-04-22T10:24:27+00:00","twitter_card":"summary_large_image","schema":{"@context":"https:\/\/schema.org","@graph":[{"@type":"WebPage","@id":"https:\/\/manezylozano.com\/productos-1\/mandos-atomizadores-manez-lozano\/","url":"https:\/\/manezylozano.com\/productos-1\/mandos-atomizadores-manez-lozano\/","name":"Mandos atomizadores - Ma\u00f1ez y Lozano Twister Sprayers","isPartOf":{"@id":"https:\/\/manezylozano.com\/#website"},"datePublished":"2018-09-04T16:10:46+00:00","dateModified":"2019-04-22T10:24:27+00:00","description":"Mandos para atomizadores Ma\u00f1ez y Lozano Twister Sprayers. Fabricamos nuestros propios mandos, tanto los mandos manuales c\u00f3mo mandos el\u00e9ctricos","breadcrumb":{"@id":"https:\/\/manezylozano.com\/productos-1\/mandos-atomizadores-manez-lozano\/#breadcrumb"},"inLanguage":"en-US","potentialAction":[{"@type":"ReadAction","target":["https:\/\/manezylozano.com\/productos-1\/mandos-atomizadores-manez-lozano\/"]}]},{"@type":"BreadcrumbList","@id":"https:\/\/manezylozano.com\/productos-1\/mandos-atomizadores-manez-lozano\/#breadcrumb","itemListElement":[{"@type":"ListItem","position":1,"name":"Portada","item":"https:\/\/manezylozano.com\/en\/"},{"@type":"ListItem","position":2,"name":"Productos","item":"https:\/\/manezylozano.com\/?page_id=51848"},{"@type":"ListItem","position":3,"name":"Mandos atomizadores"}]},{"@type":"WebSite","@id":"https:\/\/manezylozano.com\/#website","url":"https:\/\/manezylozano.com\/","name":"Ma\u00f1ez y Lozano","description":"Atomizadores","publisher":{"@id":"https:\/\/manezylozano.com\/#organization"},"potentialAction":[{"@type":"SearchAction","target":{"@type":"EntryPoint","urlTemplate":"https:\/\/manezylozano.com\/?s={search_term_string}"},"query-input":"required name=search_term_string"}],"inLanguage":"en-US"},{"@type":"Organization","@id":"https:\/\/manezylozano.com\/#organization","name":"Ma\u00f1ez y Lozano","url":"https:\/\/manezylozano.com\/","logo":{"@type":"ImageObject","inLanguage":"en-US","@id":"https:\/\/manezylozano.com\/#\/schema\/logo\/image\/","url":"https:\/\/manezylozano.com\/wp-content\/uploads\/2018\/03\/3CC1936C-CABB-494E-A4AF-4F29BCB3D712.png","contentUrl":"https:\/\/manezylozano.com\/wp-content\/uploads\/2018\/03\/3CC1936C-CABB-494E-A4AF-4F29BCB3D712.png","width":200,"height":101,"caption":"Ma\u00f1ez y Lozano"},"image":{"@id":"https:\/\/manezylozano.com\/#\/schema\/logo\/image\/"}}]}},"_links":{"self":[{"href":"https:\/\/manezylozano.com\/en\/wp-json\/wp\/v2\/pages\/52582"}],"collection":[{"href":"https:\/\/manezylozano.com\/en\/wp-json\/wp\/v2\/pages"}],"about":[{"href":"https:\/\/manezylozano.com\/en\/wp-json\/wp\/v2\/types\/page"}],"author":[{"embeddable":true,"href":"https:\/\/manezylozano.com\/en\/wp-json\/wp\/v2\/users\/1"}],"replies":[{"embeddable":true,"href":"https:\/\/manezylozano.com\/en\/wp-json\/wp\/v2\/comments?post=52582"}],"version-history":[{"count":0,"href":"https:\/\/manezylozano.com\/en\/wp-json\/wp\/v2\/pages\/52582\/revisions"}],"up":[{"embeddable":true,"href":"https:\/\/manezylozano.com\/en\/wp-json\/wp\/v2\/pages\/51848"}],"wp:attachment":[{"href":"https:\/\/manezylozano.com\/en\/wp-json\/wp\/v2\/media?parent=52582"}],"curies":[{"name":"wp","href":"https:\/\/api.w.org\/{rel}","templated":true}]}}