{"id":53072,"date":"2018-11-01T23:16:00","date_gmt":"2018-11-01T23:16:00","guid":{"rendered":"http:\/\/manezylozano.com\/contact\/"},"modified":"2019-08-20T16:12:05","modified_gmt":"2019-08-20T16:12:05","slug":"contact-fabricants-atomiseurs","status":"publish","type":"page","link":"https:\/\/manezylozano.com\/fr\/contact-fabricants-atomiseurs\/","title":{"rendered":"Contact"},"content":{"rendered":"<div class=\"wpb-content-wrapper\"><p>[vc_row][vc_column][vc_empty_space][\/vc_column][\/vc_row][vc_row][vc_column width=\u00a0\u00bb1\/2&Prime;][vc_row_inner css=\u00a0\u00bb.vc_custom_1462515106568{padding-right: 25px !important;padding-left: 25px !important;}\u00a0\u00bb][vc_column_inner css=\u00a0\u00bb.vc_custom_1514902825049{background-color: #ffffff !important;}\u00a0\u00bb]<div class=\"aio-icon-component  vc_custom_1536254993984   style_1\"><div id=\"Info-box-wrap-8728\" class=\"aio-icon-box left-icon\" style=\"\"  ><div class=\"aio-icon-left\"><div class=\"ult-just-icon-wrapper  \"><div class=\"align-icon\" style=\"text-align:center;\">\n<div class=\"aio-icon none \"  style=\"color:#dd3333;font-size:48px;display:inline-block;\">\n\t<i class=\"icomoon-icomoonfree-16x16-location\"><\/i>\n<\/div><\/div><\/div><\/div><div class=\"aio-ibd-block\"><div class=\"aio-icon-header\" ><h3 class=\"aio-icon-title ult-responsive\"  data-ultimate-target='#Info-box-wrap-8728 .aio-icon-title'  data-responsive-json-new='{\"font-size\":\"desktop:16px;\",\"line-height\":\"desktop:26px;\"}'  style=\"font-family:&#039;Montserrat&#039;;font-weight:700;\">Adresse<\/h3><\/div> <!-- header --><div class=\"aio-icon-description ult-responsive\"  data-ultimate-target='#Info-box-wrap-8728 .aio-icon-description'  data-responsive-json-new='{\"font-size\":\"\",\"line-height\":\"\"}'  style=\"\"><\/p>\n<p style=\"font-size: 24px !important;\">Poligono Industrial Norte s\/n<\/p>\n<p style=\"font-size: 24px !important;\">Alginet (Valencia)<\/p>\n<p><\/div> <!-- description --><\/div> <!-- aio-ibd-block --><\/div> <!-- aio-icon-box --><\/div> <!-- aio-icon-component --><div class=\"hr-thin style-dashed\" style=\"width: 100%;border-color: #d2d2d2;border-top-width: 1px;\"><\/div><div class=\"aio-icon-component  vc_custom_1557412328266   style_1\"><div id=\"Info-box-wrap-5522\" class=\"aio-icon-box left-icon\" style=\"\"  ><div class=\"aio-icon-left\"><div class=\"ult-just-icon-wrapper  \"><div class=\"align-icon\" style=\"text-align:center;\">\n<div class=\"aio-icon none \"  style=\"color:#dd3333;font-size:48px;display:inline-block;\">\n\t<i class=\"icomoon-material-24x24-phone\"><\/i>\n<\/div><\/div><\/div><\/div><div class=\"aio-ibd-block\"><div class=\"aio-icon-header\" ><h3 class=\"aio-icon-title ult-responsive\"  data-ultimate-target='#Info-box-wrap-5522 .aio-icon-title'  data-responsive-json-new='{\"font-size\":\"desktop:16px;\",\"line-height\":\"desktop:26px;\"}'  style=\"font-family:&#039;Montserrat&#039;;font-weight:700;\">T\u00e9l\u00e9phone<\/h3><\/div> <!-- header --><div class=\"aio-icon-description ult-responsive\"  data-ultimate-target='#Info-box-wrap-5522 .aio-icon-description'  data-responsive-json-new='{\"font-size\":\"\",\"line-height\":\"\"}'  style=\"\"><a style=\"text-decoration: none; color: #8b8d94; font-size: 26px !important;\" href=\"tel:+34961751001\">+34 961 751 001<\/a><\/div> <!-- description --><\/div> <!-- aio-ibd-block --><\/div> <!-- aio-icon-box --><\/div> <!-- aio-icon-component --><div class=\"hr-thin style-dashed\" style=\"width: 100%;border-color: #d2d2d2;border-top-width: 1px;\"><\/div><div class=\"aio-icon-component  vc_custom_1536255175808   style_1\"><div id=\"Info-box-wrap-2679\" class=\"aio-icon-box left-icon\" style=\"\"  ><div class=\"aio-icon-left\"><div class=\"ult-just-icon-wrapper  \"><div class=\"align-icon\" style=\"text-align:center;\">\n<div class=\"aio-icon none \"  style=\"color:#dd3333;font-size:48px;display:inline-block;\">\n\t<i class=\"icomoon-icomoonfree-16x16-envelop\"><\/i>\n<\/div><\/div><\/div><\/div><div class=\"aio-ibd-block\"><div class=\"aio-icon-header\" ><h3 class=\"aio-icon-title ult-responsive\"  data-ultimate-target='#Info-box-wrap-2679 .aio-icon-title'  data-responsive-json-new='{\"font-size\":\"desktop:16px;\",\"line-height\":\"desktop:26px;\"}'  style=\"font-family:&#039;Montserrat&#039;;font-weight:700;\">Email<\/h3><\/div> <!-- header --><div class=\"aio-icon-description ult-responsive\"  data-ultimate-target='#Info-box-wrap-2679 .aio-icon-description'  data-responsive-json-new='{\"font-size\":\"\",\"line-height\":\"\"}'  style=\"\"><\/p>\n<p style=\"font-size: 26px !important;\">ml@manezylozano.com<\/p>\n<p><\/div> <!-- description --><\/div> <!-- aio-ibd-block --><\/div> <!-- aio-icon-box --><\/div> <!-- aio-icon-component --><div class=\"hr-thin style-dashed\" style=\"width: 100%;border-color: #d2d2d2;border-top-width: 1px;\"><\/div><div class=\"aio-icon-component  vc_custom_1557412776056   style_1\"><div id=\"Info-box-wrap-8434\" class=\"aio-icon-box left-icon\" style=\"\"  ><div class=\"aio-icon-left\"><div class=\"ult-just-icon-wrapper  \"><div class=\"align-icon\" style=\"text-align:center;\">\n<div class=\"aio-icon none \"  style=\"color:#dd3333;font-size:48px;display:inline-block;\">\n\t<i class=\"icomoon-icomoonfree-16x16-location2\"><\/i>\n<\/div><\/div><\/div><\/div><div class=\"aio-ibd-block\"><div class=\"aio-icon-header\" ><h3 class=\"aio-icon-title ult-responsive\"  data-ultimate-target='#Info-box-wrap-8434 .aio-icon-title'  data-responsive-json-new='{\"font-size\":\"desktop:16px;\",\"line-height\":\"desktop:26px;\"}'  style=\"font-family:&#039;Montserrat&#039;;font-weight:700;\"> D\u00e9l\u00e9gations<\/h3><\/div> <!-- header --><div class=\"aio-icon-description ult-responsive\"  data-ultimate-target='#Info-box-wrap-8434 .aio-icon-description'  data-responsive-json-new='{\"font-size\":\"\",\"line-height\":\"\"}'  style=\"\"><\/p>\n<p style=\"font-size: 24px !important;\">D\u00e9l\u00e9gation Palma de R\u00edo (C\u00f3rdoba)<\/p>\n<p>Adresse: Pol\u00edgono Industrial \u00ab\u00a0El Garotal\u00a0\u00bb, calle Naranja Cadenera, 19 &#8211; Palma del R\u00edo (C\u00f3rdoba)<\/p>\n<p>T\u00e9l\u00e9phone: <a style=\"text-decoration: none; color: #8b8d94;\" href=\"tel:+34957649082\">+34 957 649 082<\/a><\/p>\n<p>Email:\u00a0fran@manezylozano.com<\/p>\n<p>&nbsp;<\/p>\n<p style=\"font-size: 24px !important;\">D\u00e9l\u00e9gation Portugal<\/p>\n<p>Adresse: C\/ Rua da Metal\u00fargica Alentejana 10, 7800-120 Beja, Portugal<br \/>\nT\u00e9l\u00e9phone: <a style=\"text-decoration: none; color: #8b8d94;\" href=\"tel:+351284321351\">+351 284 321 351<\/a><br \/>\nEmail: portugal@manezylozano.com<\/div> <!-- description --><\/div> <!-- aio-ibd-block --><\/div> <!-- aio-icon-box --><\/div> <!-- aio-icon-component -->[\/vc_column_inner][\/vc_row_inner][\/vc_column][vc_column width=\u00a0\u00bb1\/2&Prime;][vc_empty_space height=\u00a0\u00bb22px\u00a0\u00bb][contact-form-7 id=\u00a0\u00bb52415&Prime;][\/vc_column][\/vc_row][vc_row][vc_column][vc_empty_space][vc_column_text]<iframe style=\"border: 0;\" src=\"https:\/\/www.google.com\/maps\/embed?pb=!1m14!1m8!1m3!1d12354.181807580297!2d-0.4621474!3d39.2758789!3m2!1i1024!2i768!4f13.1!3m3!1m2!1s0x0%3A0xf2b2a89d789ae90c!2zTcOhw7FleiB5IExvemFubw!5e0!3m2!1ses!2ses!4v1536271366363\" width=\"1200\" height=\"400\" frameborder=\"0\" allowfullscreen=\"allowfullscreen\"><\/iframe>[\/vc_column_text][\/vc_column][\/vc_row]<\/p>\n<\/div>","protected":false},"excerpt":{"rendered":"<p>[vc_row][vc_column][vc_empty_space][\/vc_column][\/vc_row][vc_row][vc_column width=\u00a0\u00bb1\/2&Prime;][vc_row_inner css=\u00a0\u00bb.vc_custom_1462515106568{padding-right: 25px !important;padding-left: 25px !important;}\u00a0\u00bb][vc_column_inner css=\u00a0\u00bb.vc_custom_1514902825049{background-color: #ffffff !important;}\u00a0\u00bb][\/vc_column_inner][\/vc_row_inner][\/vc_column][vc_column width=\u00a0\u00bb1\/2&Prime;][vc_empty_space height=\u00a0\u00bb22px\u00a0\u00bb][contact-form-7 id=\u00a0\u00bb52415&Prime;][\/vc_column][\/vc_row][vc_row][vc_column][vc_empty_space][vc_column_text][\/vc_column_text][\/vc_column][\/vc_row]<\/p>\n","protected":false},"author":1,"featured_media":0,"parent":0,"menu_order":10,"comment_status":"closed","ping_status":"closed","template":"","meta":{"_monsterinsights_skip_tracking":false,"_monsterinsights_sitenote_active":false,"_monsterinsights_sitenote_note":"","_monsterinsights_sitenote_category":0,"footnotes":""},"yoast_head":"<!-- This site is optimized with the Yoast SEO plugin v23.3 - https:\/\/yoast.com\/wordpress\/plugins\/seo\/ -->\n<title>Informations de contact - Atomiseurs fabricants - Ma\u00f1ez y Lozano<\/title>\n<meta name=\"description\" content=\"Informations de contact de Ma\u00f1ez y Lozano, fabricants d&#039;atomiseurs leaders des ventes nationales. Propre fabrication de la premi\u00e8re \u00e0 la derni\u00e8re pi\u00e8ce.\" \/>\n<meta name=\"robots\" content=\"index, follow, max-snippet:-1, max-image-preview:large, max-video-preview:-1\" \/>\n<link rel=\"canonical\" href=\"https:\/\/manezylozano.com\/fr\/contact-fabricants-atomiseurs\/\" \/>\n<meta property=\"og:locale\" content=\"fr_FR\" \/>\n<meta property=\"og:type\" content=\"article\" \/>\n<meta property=\"og:title\" content=\"Informations de contact - Atomiseurs fabricants - Ma\u00f1ez y Lozano\" \/>\n<meta property=\"og:description\" content=\"Informations de contact de Ma\u00f1ez y Lozano, fabricants d&#039;atomiseurs leaders des ventes nationales. Propre fabrication de la premi\u00e8re \u00e0 la derni\u00e8re pi\u00e8ce.\" \/>\n<meta property=\"og:url\" content=\"https:\/\/manezylozano.com\/fr\/contact-fabricants-atomiseurs\/\" \/>\n<meta property=\"og:site_name\" content=\"Ma\u00f1ez y Lozano\" \/>\n<meta property=\"article:modified_time\" content=\"2019-08-20T16:12:05+00:00\" \/>\n<meta name=\"twitter:card\" content=\"summary_large_image\" \/>\n<meta name=\"twitter:label1\" content=\"Dur\u00e9e de lecture estim\u00e9e\" \/>\n\t<meta name=\"twitter:data1\" content=\"2 minutes\" \/>\n<script type=\"application\/ld+json\" class=\"yoast-schema-graph\">{\"@context\":\"https:\/\/schema.org\",\"@graph\":[{\"@type\":\"WebPage\",\"@id\":\"https:\/\/manezylozano.com\/fr\/contact-fabricants-atomiseurs\/\",\"url\":\"https:\/\/manezylozano.com\/fr\/contact-fabricants-atomiseurs\/\",\"name\":\"Informations de contact - Atomiseurs fabricants - Ma\u00f1ez y Lozano\",\"isPartOf\":{\"@id\":\"https:\/\/manezylozano.com\/#website\"},\"datePublished\":\"2018-11-01T23:16:00+00:00\",\"dateModified\":\"2019-08-20T16:12:05+00:00\",\"description\":\"Informations de contact de Ma\u00f1ez y Lozano, fabricants d'atomiseurs leaders des ventes nationales. Propre fabrication de la premi\u00e8re \u00e0 la derni\u00e8re pi\u00e8ce.\",\"breadcrumb\":{\"@id\":\"https:\/\/manezylozano.com\/fr\/contact-fabricants-atomiseurs\/#breadcrumb\"},\"inLanguage\":\"fr-FR\",\"potentialAction\":[{\"@type\":\"ReadAction\",\"target\":[\"https:\/\/manezylozano.com\/fr\/contact-fabricants-atomiseurs\/\"]}]},{\"@type\":\"BreadcrumbList\",\"@id\":\"https:\/\/manezylozano.com\/fr\/contact-fabricants-atomiseurs\/#breadcrumb\",\"itemListElement\":[{\"@type\":\"ListItem\",\"position\":1,\"name\":\"Portada\",\"item\":\"https:\/\/manezylozano.com\/fr\/\"},{\"@type\":\"ListItem\",\"position\":2,\"name\":\"Contact\"}]},{\"@type\":\"WebSite\",\"@id\":\"https:\/\/manezylozano.com\/#website\",\"url\":\"https:\/\/manezylozano.com\/\",\"name\":\"Ma\u00f1ez y Lozano\",\"description\":\"Atomizadores\",\"publisher\":{\"@id\":\"https:\/\/manezylozano.com\/#organization\"},\"potentialAction\":[{\"@type\":\"SearchAction\",\"target\":{\"@type\":\"EntryPoint\",\"urlTemplate\":\"https:\/\/manezylozano.com\/?s={search_term_string}\"},\"query-input\":\"required name=search_term_string\"}],\"inLanguage\":\"fr-FR\"},{\"@type\":\"Organization\",\"@id\":\"https:\/\/manezylozano.com\/#organization\",\"name\":\"Ma\u00f1ez y Lozano\",\"url\":\"https:\/\/manezylozano.com\/\",\"logo\":{\"@type\":\"ImageObject\",\"inLanguage\":\"fr-FR\",\"@id\":\"https:\/\/manezylozano.com\/#\/schema\/logo\/image\/\",\"url\":\"https:\/\/manezylozano.com\/wp-content\/uploads\/2018\/03\/3CC1936C-CABB-494E-A4AF-4F29BCB3D712.png\",\"contentUrl\":\"https:\/\/manezylozano.com\/wp-content\/uploads\/2018\/03\/3CC1936C-CABB-494E-A4AF-4F29BCB3D712.png\",\"width\":200,\"height\":101,\"caption\":\"Ma\u00f1ez y Lozano\"},\"image\":{\"@id\":\"https:\/\/manezylozano.com\/#\/schema\/logo\/image\/\"}}]}<\/script>\n<!-- \/ Yoast SEO plugin. -->","yoast_head_json":{"title":"Informations de contact - Atomiseurs fabricants - Ma\u00f1ez y Lozano","description":"Informations de contact de Ma\u00f1ez y Lozano, fabricants d'atomiseurs leaders des ventes nationales. Propre fabrication de la premi\u00e8re \u00e0 la derni\u00e8re pi\u00e8ce.","robots":{"index":"index","follow":"follow","max-snippet":"max-snippet:-1","max-image-preview":"max-image-preview:large","max-video-preview":"max-video-preview:-1"},"canonical":"https:\/\/manezylozano.com\/fr\/contact-fabricants-atomiseurs\/","og_locale":"fr_FR","og_type":"article","og_title":"Informations de contact - Atomiseurs fabricants - Ma\u00f1ez y Lozano","og_description":"Informations de contact de Ma\u00f1ez y Lozano, fabricants d'atomiseurs leaders des ventes nationales. Propre fabrication de la premi\u00e8re \u00e0 la derni\u00e8re pi\u00e8ce.","og_url":"https:\/\/manezylozano.com\/fr\/contact-fabricants-atomiseurs\/","og_site_name":"Ma\u00f1ez y Lozano","article_modified_time":"2019-08-20T16:12:05+00:00","twitter_card":"summary_large_image","twitter_misc":{"Dur\u00e9e de lecture estim\u00e9e":"2 minutes"},"schema":{"@context":"https:\/\/schema.org","@graph":[{"@type":"WebPage","@id":"https:\/\/manezylozano.com\/fr\/contact-fabricants-atomiseurs\/","url":"https:\/\/manezylozano.com\/fr\/contact-fabricants-atomiseurs\/","name":"Informations de contact - Atomiseurs fabricants - Ma\u00f1ez y Lozano","isPartOf":{"@id":"https:\/\/manezylozano.com\/#website"},"datePublished":"2018-11-01T23:16:00+00:00","dateModified":"2019-08-20T16:12:05+00:00","description":"Informations de contact de Ma\u00f1ez y Lozano, fabricants d'atomiseurs leaders des ventes nationales. Propre fabrication de la premi\u00e8re \u00e0 la derni\u00e8re pi\u00e8ce.","breadcrumb":{"@id":"https:\/\/manezylozano.com\/fr\/contact-fabricants-atomiseurs\/#breadcrumb"},"inLanguage":"fr-FR","potentialAction":[{"@type":"ReadAction","target":["https:\/\/manezylozano.com\/fr\/contact-fabricants-atomiseurs\/"]}]},{"@type":"BreadcrumbList","@id":"https:\/\/manezylozano.com\/fr\/contact-fabricants-atomiseurs\/#breadcrumb","itemListElement":[{"@type":"ListItem","position":1,"name":"Portada","item":"https:\/\/manezylozano.com\/fr\/"},{"@type":"ListItem","position":2,"name":"Contact"}]},{"@type":"WebSite","@id":"https:\/\/manezylozano.com\/#website","url":"https:\/\/manezylozano.com\/","name":"Ma\u00f1ez y Lozano","description":"Atomizadores","publisher":{"@id":"https:\/\/manezylozano.com\/#organization"},"potentialAction":[{"@type":"SearchAction","target":{"@type":"EntryPoint","urlTemplate":"https:\/\/manezylozano.com\/?s={search_term_string}"},"query-input":"required name=search_term_string"}],"inLanguage":"fr-FR"},{"@type":"Organization","@id":"https:\/\/manezylozano.com\/#organization","name":"Ma\u00f1ez y Lozano","url":"https:\/\/manezylozano.com\/","logo":{"@type":"ImageObject","inLanguage":"fr-FR","@id":"https:\/\/manezylozano.com\/#\/schema\/logo\/image\/","url":"https:\/\/manezylozano.com\/wp-content\/uploads\/2018\/03\/3CC1936C-CABB-494E-A4AF-4F29BCB3D712.png","contentUrl":"https:\/\/manezylozano.com\/wp-content\/uploads\/2018\/03\/3CC1936C-CABB-494E-A4AF-4F29BCB3D712.png","width":200,"height":101,"caption":"Ma\u00f1ez y Lozano"},"image":{"@id":"https:\/\/manezylozano.com\/#\/schema\/logo\/image\/"}}]}},"_links":{"self":[{"href":"https:\/\/manezylozano.com\/fr\/wp-json\/wp\/v2\/pages\/53072"}],"collection":[{"href":"https:\/\/manezylozano.com\/fr\/wp-json\/wp\/v2\/pages"}],"about":[{"href":"https:\/\/manezylozano.com\/fr\/wp-json\/wp\/v2\/types\/page"}],"author":[{"embeddable":true,"href":"https:\/\/manezylozano.com\/fr\/wp-json\/wp\/v2\/users\/1"}],"replies":[{"embeddable":true,"href":"https:\/\/manezylozano.com\/fr\/wp-json\/wp\/v2\/comments?post=53072"}],"version-history":[{"count":0,"href":"https:\/\/manezylozano.com\/fr\/wp-json\/wp\/v2\/pages\/53072\/revisions"}],"wp:attachment":[{"href":"https:\/\/manezylozano.com\/fr\/wp-json\/wp\/v2\/media?parent=53072"}],"curies":[{"name":"wp","href":"https:\/\/api.w.org\/{rel}","templated":true}]}}