{"id":54830,"date":"2019-08-20T17:20:46","date_gmt":"2019-08-20T17:20:46","guid":{"rendered":"https:\/\/manezylozano.com\/c-alcul-l-ha\/"},"modified":"2019-08-20T17:25:02","modified_gmt":"2019-08-20T17:25:02","slug":"calculateur-litres-hectare-atomiseur","status":"publish","type":"page","link":"https:\/\/manezylozano.com\/fr\/calculateur-litres-hectare-atomiseur\/","title":{"rendered":"Calcul L\/Ha"},"content":{"rendered":"<div class=\"wpb-content-wrapper\"><p>[vc_row][vc_column]<div id=\"ultimate-heading-665969de5212080db\" class=\"uvc-heading ult-adjust-bottom-margin ultimate-heading-665969de5212080db uvc-5989 accent-border-color uvc-heading-default-font-sizes\" data-hspacer=\"line_only\"  data-halign=\"left\" style=\"text-align:left\"><div class=\"uvc-main-heading ult-responsive\"  data-ultimate-target='.uvc-heading.ultimate-heading-665969de5212080db h3'  data-responsive-json-new='{\"font-size\":\"\",\"line-height\":\"\"}' ><h3 style=\"--font-weight:theme;\">Caudal de salida<\/h3><\/div><div class=\"uvc-heading-spacer line_only\" style=\"topheight:3px;\"><span class=\"uvc-headings-line\" style=\"border-style:solid;border-bottom-width:3px;border-color:#ccc;width:100px;\"><\/span><\/div><\/div>[vc_empty_space height=\u00a0\u00bb15px\u00a0\u00bb][vc_column_text]<div id='formContainer1040038345' class='sfForm rednaoFormContainer SfFormElementContainer bootstrap-wrapper'><\/div><script>\n            var ajaxurl = 'https:\/\/manezylozano.com\/wp-admin\/admin-ajax.php';\n            var smartFormsCurrentTime=new Date('Tue Apr 14 2026 14:41:22 +0000');\n            \tvar smartFormsSaveNonce=\"a7443dbb33\";\n            \tvar smartFormsUserName=\"\";\n            \tvar smartFormsFirstName=\"\";\n            \tvar smartFormsLastName=\"\";\n            \tvar smartFormsEmail=\"\";\n                var smartFormsPath=\"https:\/\/manezylozano.com\/wp-content\/plugins\/smart-forms\/\";\n                var smartDonationsRootPath=\"\";\n                var smartDonationsSandbox=\"\";\n                var smartFormsAdditionalFields2=[{\"id\":\"rednaocurrency\"}];\n                var smartFormsDesignMode=false;\n                if(!window.smartFormsItemsToLoad)\n                    window.smartFormsItemsToLoad=new Array();                                                   \n        <\/script>[\/vc_column_text][\/vc_column][\/vc_row][vc_row][vc_column]<div id=\"ultimate-heading-890569de52120885a\" class=\"uvc-heading ult-adjust-bottom-margin ultimate-heading-890569de52120885a uvc-9570 accent-border-color uvc-heading-default-font-sizes\" data-hspacer=\"line_only\"  data-halign=\"left\" style=\"text-align:left\"><div class=\"uvc-main-heading ult-responsive\"  data-ultimate-target='.uvc-heading.ultimate-heading-890569de52120885a h3'  data-responsive-json-new='{\"font-size\":\"\",\"line-height\":\"\"}' ><h3 style=\"--font-weight:theme;\">Producto aplicado<\/h3><\/div><div class=\"uvc-heading-spacer line_only\" style=\"topheight:3px;\"><span class=\"uvc-headings-line\" style=\"border-style:solid;border-bottom-width:3px;border-color:#ccc;width:100px;\"><\/span><\/div><\/div>[vc_empty_space height=\u00a0\u00bb15px\u00a0\u00bb][vc_column_text]<div id='formContainer1519530580' class='sfForm rednaoFormContainer SfFormElementContainer bootstrap-wrapper'><\/div><script>\n            var ajaxurl = 'https:\/\/manezylozano.com\/wp-admin\/admin-ajax.php';\n            var smartFormsCurrentTime=new Date('Tue Apr 14 2026 14:41:22 +0000');\n            \tvar smartFormsSaveNonce=\"a7443dbb33\";\n            \tvar smartFormsUserName=\"\";\n            \tvar smartFormsFirstName=\"\";\n            \tvar smartFormsLastName=\"\";\n            \tvar smartFormsEmail=\"\";\n                var smartFormsPath=\"https:\/\/manezylozano.com\/wp-content\/plugins\/smart-forms\/\";\n                var smartDonationsRootPath=\"\";\n                var smartDonationsSandbox=\"\";\n                var smartFormsAdditionalFields3=[{\"id\":\"rednaocurrency\"}];\n                var smartFormsDesignMode=false;\n                if(!window.smartFormsItemsToLoad)\n                    window.smartFormsItemsToLoad=new Array();                                                   \n        <\/script>[\/vc_column_text][\/vc_column][\/vc_row][vc_row][vc_column]<div id=\"ultimate-heading-20069de521208ca7\" class=\"uvc-heading ult-adjust-bottom-margin ultimate-heading-20069de521208ca7 uvc-7720 accent-border-color uvc-heading-default-font-sizes\" data-hspacer=\"line_only\"  data-halign=\"left\" style=\"text-align:left\"><div class=\"uvc-main-heading ult-responsive\"  data-ultimate-target='.uvc-heading.ultimate-heading-20069de521208ca7 h3'  data-responsive-json-new='{\"font-size\":\"\",\"line-height\":\"\"}' ><h3 style=\"--font-weight:theme;\">Velocidad de avance<\/h3><\/div><div class=\"uvc-heading-spacer line_only\" style=\"topheight:3px;\"><span class=\"uvc-headings-line\" style=\"border-style:solid;border-bottom-width:3px;border-color:#ccc;width:100px;\"><\/span><\/div><\/div>[vc_empty_space height=\u00a0\u00bb15px\u00a0\u00bb][vc_column_text]<div id='formContainer874138543' class='sfForm rednaoFormContainer SfFormElementContainer bootstrap-wrapper'><\/div><script>\n            var ajaxurl = 'https:\/\/manezylozano.com\/wp-admin\/admin-ajax.php';\n            var smartFormsCurrentTime=new Date('Tue Apr 14 2026 14:41:22 +0000');\n            \tvar smartFormsSaveNonce=\"a7443dbb33\";\n            \tvar smartFormsUserName=\"\";\n            \tvar smartFormsFirstName=\"\";\n            \tvar smartFormsLastName=\"\";\n            \tvar smartFormsEmail=\"\";\n                var smartFormsPath=\"https:\/\/manezylozano.com\/wp-content\/plugins\/smart-forms\/\";\n                var smartDonationsRootPath=\"\";\n                var smartDonationsSandbox=\"\";\n                var smartFormsAdditionalFields4=[{\"id\":\"rednaocurrency\"}];\n                var smartFormsDesignMode=false;\n                if(!window.smartFormsItemsToLoad)\n                    window.smartFormsItemsToLoad=new Array();                                                   \n        <\/script>[\/vc_column_text][vc_empty_space][\/vc_column][\/vc_row][vc_row full_width=\u00a0\u00bbstretch_row\u00a0\u00bb bg_type=\u00a0\u00bbbg_color\u00a0\u00bb bg_color_value=\u00a0\u00bb#f9f9f9&Prime; css=\u00a0\u00bb.vc_custom_1523988139003{margin-bottom: -70px !important;}\u00a0\u00bb][vc_column]<div id=\"ultimate-heading-169769de5212090d2\" class=\"uvc-heading ult-adjust-bottom-margin ultimate-heading-169769de5212090d2 uvc-325 accent-border-color uvc-heading-default-font-sizes\" data-hspacer=\"line_only\"  data-halign=\"left\" style=\"text-align:left\"><div class=\"uvc-main-heading ult-responsive\"  data-ultimate-target='.uvc-heading.ultimate-heading-169769de5212090d2 h3'  data-responsive-json-new='{\"font-size\":\"\",\"line-height\":\"\"}' ><h3 style=\"--font-weight:theme;\">Tablas caudales boquillas<\/h3><\/div><div class=\"uvc-heading-spacer line_only\" style=\"topheight:3px;\"><span class=\"uvc-headings-line\" style=\"border-style:solid;border-bottom-width:3px;border-color:#ccc;width:100px;\"><\/span><\/div><\/div>[vc_empty_space height=\u00a0\u00bb15px\u00a0\u00bb][vc_row_inner][vc_column_inner width=\u00a0\u00bb1\/3&Prime;][vc_column_text]<\/p>\n<h4 style=\"text-align: center;\"><span style=\"color: #808080;\"><a style=\"color: #808080;\" href=\"http:\/\/manezylozano.com\/wp-content\/uploads\/2018\/04\/BOQUILLA-DISCO-CERAMICO.pdf\" target=\"_blank\" rel=\"noopener noreferrer\">Boquilla disco cer\u00e1mica con difusor<\/a><\/span><\/h4>\n<p>[\/vc_column_text][vc_single_image image=\u00a0\u00bb54834&Prime; img_size=\u00a0\u00bb150&#215;150&Prime; alignment=\u00a0\u00bbcenter\u00a0\u00bb onclick=\u00a0\u00bbcustom_link\u00a0\u00bb img_link_target=\u00a0\u00bb_blank\u00a0\u00bb link=\u00a0\u00bbhttp:\/\/manezylozano.com\/wp-content\/uploads\/2018\/04\/BOQUILLA-DISCO-CERAMICO.pdf\u00a0\u00bb][\/vc_column_inner][vc_column_inner width=\u00a0\u00bb1\/3&Prime;][vc_column_text]<\/p>\n<h4 style=\"text-align: center;\"><a href=\"http:\/\/manezylozano.com\/wp-content\/uploads\/2018\/04\/BOQUILLA-ALBUZ-ATR-80-1.pdf\" target=\"_blank\" rel=\"noopener noreferrer\"><span style=\"color: #808080;\">Boquilla Albuz modelo ATR 80<\/span><\/a><\/h4>\n<p>[\/vc_column_text][vc_single_image image=\u00a0\u00bb54840&Prime; img_size=\u00a0\u00bb150&#215;150&Prime; alignment=\u00a0\u00bbcenter\u00a0\u00bb onclick=\u00a0\u00bbcustom_link\u00a0\u00bb img_link_target=\u00a0\u00bb_blank\u00a0\u00bb link=\u00a0\u00bbhttp:\/\/manezylozano.com\/wp-content\/uploads\/2018\/04\/BOQUILLA-ALBUZ-ATR-80-1.pdf\u00a0\u00bb][\/vc_column_inner][vc_column_inner width=\u00a0\u00bb1\/3&Prime;][vc_column_text]<\/p>\n<h4 style=\"text-align: center;\"><a href=\"http:\/\/manezylozano.com\/wp-content\/uploads\/2018\/04\/BOQUILLA-ASJ-HCI-60.pdf\" target=\"_blank\" rel=\"noopener noreferrer\"><span style=\"color: #808080;\">Boquilla ASJ Spray-JET modelo HCI 60<\/span><\/a><\/h4>\n<p>[\/vc_column_text][vc_single_image image=\u00a0\u00bb54831&Prime; img_size=\u00a0\u00bb150&#215;150&Prime; alignment=\u00a0\u00bbcenter\u00a0\u00bb onclick=\u00a0\u00bbcustom_link\u00a0\u00bb img_link_target=\u00a0\u00bb_blank\u00a0\u00bb link=\u00a0\u00bbhttp:\/\/manezylozano.com\/wp-content\/uploads\/2018\/04\/BOQUILLA-ASJ-HCI-60.pdf\u00a0\u00bb][\/vc_column_inner][\/vc_row_inner][vc_empty_space][\/vc_column][\/vc_row]<\/p>\n<\/div>","protected":false},"excerpt":{"rendered":"<p>[vc_row][vc_column][vc_empty_space height=\u00a0\u00bb15px\u00a0\u00bb][vc_column_text][\/vc_column_text][\/vc_column][\/vc_row][vc_row][vc_column][vc_empty_space height=\u00a0\u00bb15px\u00a0\u00bb][vc_column_text][\/vc_column_text][\/vc_column][\/vc_row][vc_row][vc_column][vc_empty_space height=\u00a0\u00bb15px\u00a0\u00bb][vc_column_text][\/vc_column_text][vc_empty_space][\/vc_column][\/vc_row][vc_row full_width=\u00a0\u00bbstretch_row\u00a0\u00bb bg_type=\u00a0\u00bbbg_color\u00a0\u00bb bg_color_value=\u00a0\u00bb#f9f9f9&Prime; css=\u00a0\u00bb.vc_custom_1523988139003{margin-bottom: -70px !important;}\u00a0\u00bb][vc_column][vc_empty_space height=\u00a0\u00bb15px\u00a0\u00bb][vc_row_inner][vc_column_inner width=\u00a0\u00bb1\/3&Prime;][vc_column_text] Boquilla disco cer\u00e1mica con difusor [\/vc_column_text][vc_single_image image=\u00a0\u00bb54834&Prime; img_size=\u00a0\u00bb150&#215;150&Prime; alignment=\u00a0\u00bbcenter\u00a0\u00bb onclick=\u00a0\u00bbcustom_link\u00a0\u00bb img_link_target=\u00a0\u00bb_blank\u00a0\u00bb link=\u00a0\u00bbhttp:\/\/manezylozano.com\/wp-content\/uploads\/2018\/04\/BOQUILLA-DISCO-CERAMICO.pdf\u00a0\u00bb][\/vc_column_inner][vc_column_inner width=\u00a0\u00bb1\/3&Prime;][vc_column_text] Boquilla Albuz modelo ATR 80 [\/vc_column_text][vc_single_image image=\u00a0\u00bb54840&Prime; img_size=\u00a0\u00bb150&#215;150&Prime; alignment=\u00a0\u00bbcenter\u00a0\u00bb onclick=\u00a0\u00bbcustom_link\u00a0\u00bb img_link_target=\u00a0\u00bb_blank\u00a0\u00bb link=\u00a0\u00bbhttp:\/\/manezylozano.com\/wp-content\/uploads\/2018\/04\/BOQUILLA-ALBUZ-ATR-80-1.pdf\u00a0\u00bb][\/vc_column_inner][vc_column_inner width=\u00a0\u00bb1\/3&Prime;][vc_column_text] Boquilla ASJ Spray-JET modelo HCI 60 [\/vc_column_text][vc_single_image image=\u00a0\u00bb54831&Prime; img_size=\u00a0\u00bb150&#215;150&Prime; alignment=\u00a0\u00bbcenter\u00a0\u00bb onclick=\u00a0\u00bbcustom_link\u00a0\u00bb img_link_target=\u00a0\u00bb_blank\u00a0\u00bb link=\u00a0\u00bbhttp:\/\/manezylozano.com\/wp-content\/uploads\/2018\/04\/BOQUILLA-ASJ-HCI-60.pdf\u00a0\u00bb][\/vc_column_inner][\/vc_row_inner][vc_empty_space][\/vc_column][\/vc_row]<\/p>\n","protected":false},"author":1,"featured_media":0,"parent":0,"menu_order":0,"comment_status":"closed","ping_status":"open","template":"","meta":{"_monsterinsights_skip_tracking":false,"_monsterinsights_sitenote_active":false,"_monsterinsights_sitenote_note":"","_monsterinsights_sitenote_category":0,"footnotes":""},"yoast_head":"<!-- This site is optimized with the Yoast SEO plugin v23.3 - https:\/\/yoast.com\/wordpress\/plugins\/seo\/ -->\n<title>Calculateur litres \/ hectare atomiseurs - Ma\u00f1ez y Lozano<\/title>\n<meta name=\"description\" content=\"Calculateur de litres par hectare pour les turbo atomiseurs Ma\u00f1ez et Lozano, pour conna\u00eetre le d\u00e9bit de sortie, le produit appliqu\u00e9 et la vitesse d&#039;avancement\" \/>\n<meta name=\"robots\" content=\"index, follow, max-snippet:-1, max-image-preview:large, max-video-preview:-1\" \/>\n<link rel=\"canonical\" href=\"https:\/\/manezylozano.com\/fr\/calculateur-litres-hectare-atomiseur\/\" \/>\n<meta property=\"og:locale\" content=\"fr_FR\" \/>\n<meta property=\"og:type\" content=\"article\" \/>\n<meta property=\"og:title\" content=\"Calculateur litres \/ hectare atomiseurs - Ma\u00f1ez y Lozano\" \/>\n<meta property=\"og:description\" content=\"Calculateur de litres par hectare pour les turbo atomiseurs Ma\u00f1ez et Lozano, pour conna\u00eetre le d\u00e9bit de sortie, le produit appliqu\u00e9 et la vitesse d&#039;avancement\" \/>\n<meta property=\"og:url\" content=\"https:\/\/manezylozano.com\/fr\/calculateur-litres-hectare-atomiseur\/\" \/>\n<meta property=\"og:site_name\" content=\"Ma\u00f1ez y Lozano\" \/>\n<meta property=\"article:modified_time\" content=\"2019-08-20T17:25:02+00:00\" \/>\n<meta name=\"twitter:card\" content=\"summary_large_image\" \/>\n<meta name=\"twitter:label1\" content=\"Dur\u00e9e de lecture estim\u00e9e\" \/>\n\t<meta name=\"twitter:data1\" content=\"2 minutes\" \/>\n<script type=\"application\/ld+json\" class=\"yoast-schema-graph\">{\"@context\":\"https:\/\/schema.org\",\"@graph\":[{\"@type\":\"WebPage\",\"@id\":\"https:\/\/manezylozano.com\/fr\/calculateur-litres-hectare-atomiseur\/\",\"url\":\"https:\/\/manezylozano.com\/fr\/calculateur-litres-hectare-atomiseur\/\",\"name\":\"Calculateur litres \/ hectare atomiseurs - Ma\u00f1ez y Lozano\",\"isPartOf\":{\"@id\":\"https:\/\/manezylozano.com\/#website\"},\"datePublished\":\"2019-08-20T17:20:46+00:00\",\"dateModified\":\"2019-08-20T17:25:02+00:00\",\"description\":\"Calculateur de litres par hectare pour les turbo atomiseurs Ma\u00f1ez et Lozano, pour conna\u00eetre le d\u00e9bit de sortie, le produit appliqu\u00e9 et la vitesse d'avancement\",\"breadcrumb\":{\"@id\":\"https:\/\/manezylozano.com\/fr\/calculateur-litres-hectare-atomiseur\/#breadcrumb\"},\"inLanguage\":\"fr-FR\",\"potentialAction\":[{\"@type\":\"ReadAction\",\"target\":[\"https:\/\/manezylozano.com\/fr\/calculateur-litres-hectare-atomiseur\/\"]}]},{\"@type\":\"BreadcrumbList\",\"@id\":\"https:\/\/manezylozano.com\/fr\/calculateur-litres-hectare-atomiseur\/#breadcrumb\",\"itemListElement\":[{\"@type\":\"ListItem\",\"position\":1,\"name\":\"Portada\",\"item\":\"https:\/\/manezylozano.com\/fr\/\"},{\"@type\":\"ListItem\",\"position\":2,\"name\":\"Calcul L\/Ha\"}]},{\"@type\":\"WebSite\",\"@id\":\"https:\/\/manezylozano.com\/#website\",\"url\":\"https:\/\/manezylozano.com\/\",\"name\":\"Ma\u00f1ez y Lozano\",\"description\":\"Atomizadores\",\"publisher\":{\"@id\":\"https:\/\/manezylozano.com\/#organization\"},\"potentialAction\":[{\"@type\":\"SearchAction\",\"target\":{\"@type\":\"EntryPoint\",\"urlTemplate\":\"https:\/\/manezylozano.com\/?s={search_term_string}\"},\"query-input\":\"required name=search_term_string\"}],\"inLanguage\":\"fr-FR\"},{\"@type\":\"Organization\",\"@id\":\"https:\/\/manezylozano.com\/#organization\",\"name\":\"Ma\u00f1ez y Lozano\",\"url\":\"https:\/\/manezylozano.com\/\",\"logo\":{\"@type\":\"ImageObject\",\"inLanguage\":\"fr-FR\",\"@id\":\"https:\/\/manezylozano.com\/#\/schema\/logo\/image\/\",\"url\":\"https:\/\/manezylozano.com\/wp-content\/uploads\/2018\/03\/3CC1936C-CABB-494E-A4AF-4F29BCB3D712.png\",\"contentUrl\":\"https:\/\/manezylozano.com\/wp-content\/uploads\/2018\/03\/3CC1936C-CABB-494E-A4AF-4F29BCB3D712.png\",\"width\":200,\"height\":101,\"caption\":\"Ma\u00f1ez y Lozano\"},\"image\":{\"@id\":\"https:\/\/manezylozano.com\/#\/schema\/logo\/image\/\"}}]}<\/script>\n<!-- \/ Yoast SEO plugin. -->","yoast_head_json":{"title":"Calculateur litres \/ hectare atomiseurs - Ma\u00f1ez y Lozano","description":"Calculateur de litres par hectare pour les turbo atomiseurs Ma\u00f1ez et Lozano, pour conna\u00eetre le d\u00e9bit de sortie, le produit appliqu\u00e9 et la vitesse d'avancement","robots":{"index":"index","follow":"follow","max-snippet":"max-snippet:-1","max-image-preview":"max-image-preview:large","max-video-preview":"max-video-preview:-1"},"canonical":"https:\/\/manezylozano.com\/fr\/calculateur-litres-hectare-atomiseur\/","og_locale":"fr_FR","og_type":"article","og_title":"Calculateur litres \/ hectare atomiseurs - Ma\u00f1ez y Lozano","og_description":"Calculateur de litres par hectare pour les turbo atomiseurs Ma\u00f1ez et Lozano, pour conna\u00eetre le d\u00e9bit de sortie, le produit appliqu\u00e9 et la vitesse d'avancement","og_url":"https:\/\/manezylozano.com\/fr\/calculateur-litres-hectare-atomiseur\/","og_site_name":"Ma\u00f1ez y Lozano","article_modified_time":"2019-08-20T17:25:02+00:00","twitter_card":"summary_large_image","twitter_misc":{"Dur\u00e9e de lecture estim\u00e9e":"2 minutes"},"schema":{"@context":"https:\/\/schema.org","@graph":[{"@type":"WebPage","@id":"https:\/\/manezylozano.com\/fr\/calculateur-litres-hectare-atomiseur\/","url":"https:\/\/manezylozano.com\/fr\/calculateur-litres-hectare-atomiseur\/","name":"Calculateur litres \/ hectare atomiseurs - Ma\u00f1ez y Lozano","isPartOf":{"@id":"https:\/\/manezylozano.com\/#website"},"datePublished":"2019-08-20T17:20:46+00:00","dateModified":"2019-08-20T17:25:02+00:00","description":"Calculateur de litres par hectare pour les turbo atomiseurs Ma\u00f1ez et Lozano, pour conna\u00eetre le d\u00e9bit de sortie, le produit appliqu\u00e9 et la vitesse d'avancement","breadcrumb":{"@id":"https:\/\/manezylozano.com\/fr\/calculateur-litres-hectare-atomiseur\/#breadcrumb"},"inLanguage":"fr-FR","potentialAction":[{"@type":"ReadAction","target":["https:\/\/manezylozano.com\/fr\/calculateur-litres-hectare-atomiseur\/"]}]},{"@type":"BreadcrumbList","@id":"https:\/\/manezylozano.com\/fr\/calculateur-litres-hectare-atomiseur\/#breadcrumb","itemListElement":[{"@type":"ListItem","position":1,"name":"Portada","item":"https:\/\/manezylozano.com\/fr\/"},{"@type":"ListItem","position":2,"name":"Calcul L\/Ha"}]},{"@type":"WebSite","@id":"https:\/\/manezylozano.com\/#website","url":"https:\/\/manezylozano.com\/","name":"Ma\u00f1ez y Lozano","description":"Atomizadores","publisher":{"@id":"https:\/\/manezylozano.com\/#organization"},"potentialAction":[{"@type":"SearchAction","target":{"@type":"EntryPoint","urlTemplate":"https:\/\/manezylozano.com\/?s={search_term_string}"},"query-input":"required name=search_term_string"}],"inLanguage":"fr-FR"},{"@type":"Organization","@id":"https:\/\/manezylozano.com\/#organization","name":"Ma\u00f1ez y Lozano","url":"https:\/\/manezylozano.com\/","logo":{"@type":"ImageObject","inLanguage":"fr-FR","@id":"https:\/\/manezylozano.com\/#\/schema\/logo\/image\/","url":"https:\/\/manezylozano.com\/wp-content\/uploads\/2018\/03\/3CC1936C-CABB-494E-A4AF-4F29BCB3D712.png","contentUrl":"https:\/\/manezylozano.com\/wp-content\/uploads\/2018\/03\/3CC1936C-CABB-494E-A4AF-4F29BCB3D712.png","width":200,"height":101,"caption":"Ma\u00f1ez y Lozano"},"image":{"@id":"https:\/\/manezylozano.com\/#\/schema\/logo\/image\/"}}]}},"_links":{"self":[{"href":"https:\/\/manezylozano.com\/fr\/wp-json\/wp\/v2\/pages\/54830"}],"collection":[{"href":"https:\/\/manezylozano.com\/fr\/wp-json\/wp\/v2\/pages"}],"about":[{"href":"https:\/\/manezylozano.com\/fr\/wp-json\/wp\/v2\/types\/page"}],"author":[{"embeddable":true,"href":"https:\/\/manezylozano.com\/fr\/wp-json\/wp\/v2\/users\/1"}],"replies":[{"embeddable":true,"href":"https:\/\/manezylozano.com\/fr\/wp-json\/wp\/v2\/comments?post=54830"}],"version-history":[{"count":0,"href":"https:\/\/manezylozano.com\/fr\/wp-json\/wp\/v2\/pages\/54830\/revisions"}],"wp:attachment":[{"href":"https:\/\/manezylozano.com\/fr\/wp-json\/wp\/v2\/media?parent=54830"}],"curies":[{"name":"wp","href":"https:\/\/api.w.org\/{rel}","templated":true}]}}