{"id":54969,"date":"2019-09-12T18:31:23","date_gmt":"2019-09-12T18:31:23","guid":{"rendered":"https:\/\/manezylozano.com\/atomiseurs-fruitiers\/"},"modified":"2024-09-26T05:29:26","modified_gmt":"2024-09-26T05:29:26","slug":"atomiseurs-traine-fruitiers","status":"publish","type":"page","link":"https:\/\/manezylozano.com\/fr\/atomiseurs-traine-fruitiers\/","title":{"rendered":"Atomiseurs s\u00e9rie Narrow"},"content":{"rendered":"","protected":false},"excerpt":{"rendered":"","protected":false},"author":1,"featured_media":0,"parent":0,"menu_order":10,"comment_status":"closed","ping_status":"closed","template":"template-portfolio-masonry.php","meta":{"_monsterinsights_skip_tracking":false,"_monsterinsights_sitenote_active":false,"_monsterinsights_sitenote_note":"","_monsterinsights_sitenote_category":0,"footnotes":""},"yoast_head":"<!-- This site is optimized with the Yoast SEO plugin v23.3 - https:\/\/yoast.com\/wordpress\/plugins\/seo\/ -->\n<title>Atomiseurs tra\u00een\u00e9 s\u00e9rie Narrow - Ma\u00f1ez y Lozano Twister Sprayers<\/title>\n<meta name=\"description\" content=\"Atomiseurs Ma\u00f1ez Lozano s\u00e9rie Narrow, la gamme d&#039;atomiseurs plus \u00e9troits pour agrumes, arbres fruitiers, amandiers, oliveraies, vignes, kiwis\" \/>\n<meta name=\"robots\" content=\"index, follow, max-snippet:-1, max-image-preview:large, max-video-preview:-1\" \/>\n<link rel=\"canonical\" href=\"https:\/\/manezylozano.com\/productos-1\/atomizadores-arrastrados-narrow\/\" \/>\n<meta property=\"og:locale\" content=\"fr_FR\" \/>\n<meta property=\"og:type\" content=\"article\" \/>\n<meta property=\"og:title\" content=\"Atomiseurs tra\u00een\u00e9 s\u00e9rie Narrow - Ma\u00f1ez y Lozano Twister Sprayers\" \/>\n<meta property=\"og:description\" content=\"Atomiseurs Ma\u00f1ez Lozano s\u00e9rie Narrow, la gamme d&#039;atomiseurs plus \u00e9troits pour agrumes, arbres fruitiers, amandiers, oliveraies, vignes, kiwis\" \/>\n<meta property=\"og:url\" content=\"https:\/\/manezylozano.com\/productos-1\/atomizadores-arrastrados-narrow\/\" \/>\n<meta property=\"og:site_name\" content=\"Ma\u00f1ez y Lozano\" \/>\n<meta property=\"article:modified_time\" content=\"2024-09-26T05:29:26+00:00\" \/>\n<meta name=\"twitter:card\" content=\"summary_large_image\" \/>\n<script type=\"application\/ld+json\" class=\"yoast-schema-graph\">{\"@context\":\"https:\/\/schema.org\",\"@graph\":[{\"@type\":\"WebPage\",\"@id\":\"https:\/\/manezylozano.com\/productos-1\/atomizadores-arrastrados-narrow\/\",\"url\":\"https:\/\/manezylozano.com\/productos-1\/atomizadores-arrastrados-narrow\/\",\"name\":\"Atomiseurs tra\u00een\u00e9 s\u00e9rie Narrow - Ma\u00f1ez y Lozano Twister Sprayers\",\"isPartOf\":{\"@id\":\"https:\/\/manezylozano.com\/#website\"},\"datePublished\":\"2019-09-12T18:31:23+00:00\",\"dateModified\":\"2024-09-26T05:29:26+00:00\",\"description\":\"Atomiseurs Ma\u00f1ez Lozano s\u00e9rie Narrow, la gamme d'atomiseurs plus \u00e9troits pour agrumes, arbres fruitiers, amandiers, oliveraies, vignes, kiwis\",\"breadcrumb\":{\"@id\":\"https:\/\/manezylozano.com\/productos-1\/atomizadores-arrastrados-narrow\/#breadcrumb\"},\"inLanguage\":\"fr-FR\",\"potentialAction\":[{\"@type\":\"ReadAction\",\"target\":[\"https:\/\/manezylozano.com\/productos-1\/atomizadores-arrastrados-narrow\/\"]}]},{\"@type\":\"BreadcrumbList\",\"@id\":\"https:\/\/manezylozano.com\/productos-1\/atomizadores-arrastrados-narrow\/#breadcrumb\",\"itemListElement\":[{\"@type\":\"ListItem\",\"position\":1,\"name\":\"Portada\",\"item\":\"https:\/\/manezylozano.com\/fr\/\"},{\"@type\":\"ListItem\",\"position\":2,\"name\":\"Atomiseurs s\u00e9rie Narrow\"}]},{\"@type\":\"WebSite\",\"@id\":\"https:\/\/manezylozano.com\/#website\",\"url\":\"https:\/\/manezylozano.com\/\",\"name\":\"Ma\u00f1ez y Lozano\",\"description\":\"Atomizadores\",\"publisher\":{\"@id\":\"https:\/\/manezylozano.com\/#organization\"},\"potentialAction\":[{\"@type\":\"SearchAction\",\"target\":{\"@type\":\"EntryPoint\",\"urlTemplate\":\"https:\/\/manezylozano.com\/?s={search_term_string}\"},\"query-input\":\"required name=search_term_string\"}],\"inLanguage\":\"fr-FR\"},{\"@type\":\"Organization\",\"@id\":\"https:\/\/manezylozano.com\/#organization\",\"name\":\"Ma\u00f1ez y Lozano\",\"url\":\"https:\/\/manezylozano.com\/\",\"logo\":{\"@type\":\"ImageObject\",\"inLanguage\":\"fr-FR\",\"@id\":\"https:\/\/manezylozano.com\/#\/schema\/logo\/image\/\",\"url\":\"https:\/\/manezylozano.com\/wp-content\/uploads\/2018\/03\/3CC1936C-CABB-494E-A4AF-4F29BCB3D712.png\",\"contentUrl\":\"https:\/\/manezylozano.com\/wp-content\/uploads\/2018\/03\/3CC1936C-CABB-494E-A4AF-4F29BCB3D712.png\",\"width\":200,\"height\":101,\"caption\":\"Ma\u00f1ez y Lozano\"},\"image\":{\"@id\":\"https:\/\/manezylozano.com\/#\/schema\/logo\/image\/\"}}]}<\/script>\n<!-- \/ Yoast SEO plugin. -->","yoast_head_json":{"title":"Atomiseurs tra\u00een\u00e9 s\u00e9rie Narrow - Ma\u00f1ez y Lozano Twister Sprayers","description":"Atomiseurs Ma\u00f1ez Lozano s\u00e9rie Narrow, la gamme d'atomiseurs plus \u00e9troits pour agrumes, arbres fruitiers, amandiers, oliveraies, vignes, kiwis","robots":{"index":"index","follow":"follow","max-snippet":"max-snippet:-1","max-image-preview":"max-image-preview:large","max-video-preview":"max-video-preview:-1"},"canonical":"https:\/\/manezylozano.com\/productos-1\/atomizadores-arrastrados-narrow\/","og_locale":"fr_FR","og_type":"article","og_title":"Atomiseurs tra\u00een\u00e9 s\u00e9rie Narrow - Ma\u00f1ez y Lozano Twister Sprayers","og_description":"Atomiseurs Ma\u00f1ez Lozano s\u00e9rie Narrow, la gamme d'atomiseurs plus \u00e9troits pour agrumes, arbres fruitiers, amandiers, oliveraies, vignes, kiwis","og_url":"https:\/\/manezylozano.com\/productos-1\/atomizadores-arrastrados-narrow\/","og_site_name":"Ma\u00f1ez y Lozano","article_modified_time":"2024-09-26T05:29:26+00:00","twitter_card":"summary_large_image","schema":{"@context":"https:\/\/schema.org","@graph":[{"@type":"WebPage","@id":"https:\/\/manezylozano.com\/productos-1\/atomizadores-arrastrados-narrow\/","url":"https:\/\/manezylozano.com\/productos-1\/atomizadores-arrastrados-narrow\/","name":"Atomiseurs tra\u00een\u00e9 s\u00e9rie Narrow - Ma\u00f1ez y Lozano Twister Sprayers","isPartOf":{"@id":"https:\/\/manezylozano.com\/#website"},"datePublished":"2019-09-12T18:31:23+00:00","dateModified":"2024-09-26T05:29:26+00:00","description":"Atomiseurs Ma\u00f1ez Lozano s\u00e9rie Narrow, la gamme d'atomiseurs plus \u00e9troits pour agrumes, arbres fruitiers, amandiers, oliveraies, vignes, kiwis","breadcrumb":{"@id":"https:\/\/manezylozano.com\/productos-1\/atomizadores-arrastrados-narrow\/#breadcrumb"},"inLanguage":"fr-FR","potentialAction":[{"@type":"ReadAction","target":["https:\/\/manezylozano.com\/productos-1\/atomizadores-arrastrados-narrow\/"]}]},{"@type":"BreadcrumbList","@id":"https:\/\/manezylozano.com\/productos-1\/atomizadores-arrastrados-narrow\/#breadcrumb","itemListElement":[{"@type":"ListItem","position":1,"name":"Portada","item":"https:\/\/manezylozano.com\/fr\/"},{"@type":"ListItem","position":2,"name":"Atomiseurs s\u00e9rie Narrow"}]},{"@type":"WebSite","@id":"https:\/\/manezylozano.com\/#website","url":"https:\/\/manezylozano.com\/","name":"Ma\u00f1ez y Lozano","description":"Atomizadores","publisher":{"@id":"https:\/\/manezylozano.com\/#organization"},"potentialAction":[{"@type":"SearchAction","target":{"@type":"EntryPoint","urlTemplate":"https:\/\/manezylozano.com\/?s={search_term_string}"},"query-input":"required name=search_term_string"}],"inLanguage":"fr-FR"},{"@type":"Organization","@id":"https:\/\/manezylozano.com\/#organization","name":"Ma\u00f1ez y Lozano","url":"https:\/\/manezylozano.com\/","logo":{"@type":"ImageObject","inLanguage":"fr-FR","@id":"https:\/\/manezylozano.com\/#\/schema\/logo\/image\/","url":"https:\/\/manezylozano.com\/wp-content\/uploads\/2018\/03\/3CC1936C-CABB-494E-A4AF-4F29BCB3D712.png","contentUrl":"https:\/\/manezylozano.com\/wp-content\/uploads\/2018\/03\/3CC1936C-CABB-494E-A4AF-4F29BCB3D712.png","width":200,"height":101,"caption":"Ma\u00f1ez y Lozano"},"image":{"@id":"https:\/\/manezylozano.com\/#\/schema\/logo\/image\/"}}]}},"_links":{"self":[{"href":"https:\/\/manezylozano.com\/fr\/wp-json\/wp\/v2\/pages\/54969"}],"collection":[{"href":"https:\/\/manezylozano.com\/fr\/wp-json\/wp\/v2\/pages"}],"about":[{"href":"https:\/\/manezylozano.com\/fr\/wp-json\/wp\/v2\/types\/page"}],"author":[{"embeddable":true,"href":"https:\/\/manezylozano.com\/fr\/wp-json\/wp\/v2\/users\/1"}],"replies":[{"embeddable":true,"href":"https:\/\/manezylozano.com\/fr\/wp-json\/wp\/v2\/comments?post=54969"}],"version-history":[{"count":0,"href":"https:\/\/manezylozano.com\/fr\/wp-json\/wp\/v2\/pages\/54969\/revisions"}],"wp:attachment":[{"href":"https:\/\/manezylozano.com\/fr\/wp-json\/wp\/v2\/media?parent=54969"}],"curies":[{"name":"wp","href":"https:\/\/api.w.org\/{rel}","templated":true}]}}