{"id":55084,"date":"2019-09-15T16:38:09","date_gmt":"2019-09-15T16:38:09","guid":{"rendered":"https:\/\/manezylozano.com\/atomiseurs-mega\/"},"modified":"2019-09-30T14:14:59","modified_gmt":"2019-09-30T14:14:59","slug":"atomiseurs-mega","status":"publish","type":"page","link":"https:\/\/manezylozano.com\/fr\/atomiseurs-mega\/","title":{"rendered":"Atomiseurs Mega"},"content":{"rendered":"","protected":false},"excerpt":{"rendered":"","protected":false},"author":1,"featured_media":0,"parent":0,"menu_order":10,"comment_status":"closed","ping_status":"closed","template":"template-portfolio-masonry.php","meta":{"_monsterinsights_skip_tracking":false,"_monsterinsights_sitenote_active":false,"_monsterinsights_sitenote_note":"","_monsterinsights_sitenote_category":0,"footnotes":""},"yoast_head":"<!-- This site is optimized with the Yoast SEO plugin v23.3 - https:\/\/yoast.com\/wordpress\/plugins\/seo\/ -->\n<title>Atomiseurs tra\u00een\u00e9s s\u00e9rie Mega - Ma\u00f1ez y Lozano Twister Sprayers<\/title>\n<meta name=\"description\" content=\"Atomiseurs tra\u00een\u00e9s Ma\u00f1ez et Lozano Twister Sprayers Mega series. Les meilleurs atomiseurs pour les grandes exploitations et les terrains irr\u00e9guliers\" \/>\n<meta name=\"robots\" content=\"index, follow, max-snippet:-1, max-image-preview:large, max-video-preview:-1\" \/>\n<link rel=\"canonical\" href=\"https:\/\/manezylozano.com\/fr\/atomiseurs-mega\/\" \/>\n<meta property=\"og:locale\" content=\"fr_FR\" \/>\n<meta property=\"og:type\" content=\"article\" \/>\n<meta property=\"og:title\" content=\"Atomiseurs tra\u00een\u00e9s s\u00e9rie Mega - Ma\u00f1ez y Lozano Twister Sprayers\" \/>\n<meta property=\"og:description\" content=\"Atomiseurs tra\u00een\u00e9s Ma\u00f1ez et Lozano Twister Sprayers Mega series. Les meilleurs atomiseurs pour les grandes exploitations et les terrains irr\u00e9guliers\" \/>\n<meta property=\"og:url\" content=\"https:\/\/manezylozano.com\/fr\/atomiseurs-mega\/\" \/>\n<meta property=\"og:site_name\" content=\"Ma\u00f1ez y Lozano\" \/>\n<meta property=\"article:modified_time\" content=\"2019-09-30T14:14:59+00:00\" \/>\n<meta name=\"twitter:card\" content=\"summary_large_image\" \/>\n<script type=\"application\/ld+json\" class=\"yoast-schema-graph\">{\"@context\":\"https:\/\/schema.org\",\"@graph\":[{\"@type\":\"WebPage\",\"@id\":\"https:\/\/manezylozano.com\/fr\/atomiseurs-mega\/\",\"url\":\"https:\/\/manezylozano.com\/fr\/atomiseurs-mega\/\",\"name\":\"Atomiseurs tra\u00een\u00e9s s\u00e9rie Mega - Ma\u00f1ez y Lozano Twister Sprayers\",\"isPartOf\":{\"@id\":\"https:\/\/manezylozano.com\/#website\"},\"datePublished\":\"2019-09-15T16:38:09+00:00\",\"dateModified\":\"2019-09-30T14:14:59+00:00\",\"description\":\"Atomiseurs tra\u00een\u00e9s Ma\u00f1ez et Lozano Twister Sprayers Mega series. Les meilleurs atomiseurs pour les grandes exploitations et les terrains irr\u00e9guliers\",\"breadcrumb\":{\"@id\":\"https:\/\/manezylozano.com\/fr\/atomiseurs-mega\/#breadcrumb\"},\"inLanguage\":\"fr-FR\",\"potentialAction\":[{\"@type\":\"ReadAction\",\"target\":[\"https:\/\/manezylozano.com\/fr\/atomiseurs-mega\/\"]}]},{\"@type\":\"BreadcrumbList\",\"@id\":\"https:\/\/manezylozano.com\/fr\/atomiseurs-mega\/#breadcrumb\",\"itemListElement\":[{\"@type\":\"ListItem\",\"position\":1,\"name\":\"Portada\",\"item\":\"https:\/\/manezylozano.com\/fr\/\"},{\"@type\":\"ListItem\",\"position\":2,\"name\":\"Atomiseurs Mega\"}]},{\"@type\":\"WebSite\",\"@id\":\"https:\/\/manezylozano.com\/#website\",\"url\":\"https:\/\/manezylozano.com\/\",\"name\":\"Ma\u00f1ez y Lozano\",\"description\":\"Atomizadores\",\"publisher\":{\"@id\":\"https:\/\/manezylozano.com\/#organization\"},\"potentialAction\":[{\"@type\":\"SearchAction\",\"target\":{\"@type\":\"EntryPoint\",\"urlTemplate\":\"https:\/\/manezylozano.com\/?s={search_term_string}\"},\"query-input\":\"required name=search_term_string\"}],\"inLanguage\":\"fr-FR\"},{\"@type\":\"Organization\",\"@id\":\"https:\/\/manezylozano.com\/#organization\",\"name\":\"Ma\u00f1ez y Lozano\",\"url\":\"https:\/\/manezylozano.com\/\",\"logo\":{\"@type\":\"ImageObject\",\"inLanguage\":\"fr-FR\",\"@id\":\"https:\/\/manezylozano.com\/#\/schema\/logo\/image\/\",\"url\":\"https:\/\/manezylozano.com\/wp-content\/uploads\/2018\/03\/3CC1936C-CABB-494E-A4AF-4F29BCB3D712.png\",\"contentUrl\":\"https:\/\/manezylozano.com\/wp-content\/uploads\/2018\/03\/3CC1936C-CABB-494E-A4AF-4F29BCB3D712.png\",\"width\":200,\"height\":101,\"caption\":\"Ma\u00f1ez y Lozano\"},\"image\":{\"@id\":\"https:\/\/manezylozano.com\/#\/schema\/logo\/image\/\"}}]}<\/script>\n<!-- \/ Yoast SEO plugin. -->","yoast_head_json":{"title":"Atomiseurs tra\u00een\u00e9s s\u00e9rie Mega - Ma\u00f1ez y Lozano Twister Sprayers","description":"Atomiseurs tra\u00een\u00e9s Ma\u00f1ez et Lozano Twister Sprayers Mega series. Les meilleurs atomiseurs pour les grandes exploitations et les terrains irr\u00e9guliers","robots":{"index":"index","follow":"follow","max-snippet":"max-snippet:-1","max-image-preview":"max-image-preview:large","max-video-preview":"max-video-preview:-1"},"canonical":"https:\/\/manezylozano.com\/fr\/atomiseurs-mega\/","og_locale":"fr_FR","og_type":"article","og_title":"Atomiseurs tra\u00een\u00e9s s\u00e9rie Mega - Ma\u00f1ez y Lozano Twister Sprayers","og_description":"Atomiseurs tra\u00een\u00e9s Ma\u00f1ez et Lozano Twister Sprayers Mega series. Les meilleurs atomiseurs pour les grandes exploitations et les terrains irr\u00e9guliers","og_url":"https:\/\/manezylozano.com\/fr\/atomiseurs-mega\/","og_site_name":"Ma\u00f1ez y Lozano","article_modified_time":"2019-09-30T14:14:59+00:00","twitter_card":"summary_large_image","schema":{"@context":"https:\/\/schema.org","@graph":[{"@type":"WebPage","@id":"https:\/\/manezylozano.com\/fr\/atomiseurs-mega\/","url":"https:\/\/manezylozano.com\/fr\/atomiseurs-mega\/","name":"Atomiseurs tra\u00een\u00e9s s\u00e9rie Mega - Ma\u00f1ez y Lozano Twister Sprayers","isPartOf":{"@id":"https:\/\/manezylozano.com\/#website"},"datePublished":"2019-09-15T16:38:09+00:00","dateModified":"2019-09-30T14:14:59+00:00","description":"Atomiseurs tra\u00een\u00e9s Ma\u00f1ez et Lozano Twister Sprayers Mega series. Les meilleurs atomiseurs pour les grandes exploitations et les terrains irr\u00e9guliers","breadcrumb":{"@id":"https:\/\/manezylozano.com\/fr\/atomiseurs-mega\/#breadcrumb"},"inLanguage":"fr-FR","potentialAction":[{"@type":"ReadAction","target":["https:\/\/manezylozano.com\/fr\/atomiseurs-mega\/"]}]},{"@type":"BreadcrumbList","@id":"https:\/\/manezylozano.com\/fr\/atomiseurs-mega\/#breadcrumb","itemListElement":[{"@type":"ListItem","position":1,"name":"Portada","item":"https:\/\/manezylozano.com\/fr\/"},{"@type":"ListItem","position":2,"name":"Atomiseurs Mega"}]},{"@type":"WebSite","@id":"https:\/\/manezylozano.com\/#website","url":"https:\/\/manezylozano.com\/","name":"Ma\u00f1ez y Lozano","description":"Atomizadores","publisher":{"@id":"https:\/\/manezylozano.com\/#organization"},"potentialAction":[{"@type":"SearchAction","target":{"@type":"EntryPoint","urlTemplate":"https:\/\/manezylozano.com\/?s={search_term_string}"},"query-input":"required name=search_term_string"}],"inLanguage":"fr-FR"},{"@type":"Organization","@id":"https:\/\/manezylozano.com\/#organization","name":"Ma\u00f1ez y Lozano","url":"https:\/\/manezylozano.com\/","logo":{"@type":"ImageObject","inLanguage":"fr-FR","@id":"https:\/\/manezylozano.com\/#\/schema\/logo\/image\/","url":"https:\/\/manezylozano.com\/wp-content\/uploads\/2018\/03\/3CC1936C-CABB-494E-A4AF-4F29BCB3D712.png","contentUrl":"https:\/\/manezylozano.com\/wp-content\/uploads\/2018\/03\/3CC1936C-CABB-494E-A4AF-4F29BCB3D712.png","width":200,"height":101,"caption":"Ma\u00f1ez y Lozano"},"image":{"@id":"https:\/\/manezylozano.com\/#\/schema\/logo\/image\/"}}]}},"_links":{"self":[{"href":"https:\/\/manezylozano.com\/fr\/wp-json\/wp\/v2\/pages\/55084"}],"collection":[{"href":"https:\/\/manezylozano.com\/fr\/wp-json\/wp\/v2\/pages"}],"about":[{"href":"https:\/\/manezylozano.com\/fr\/wp-json\/wp\/v2\/types\/page"}],"author":[{"embeddable":true,"href":"https:\/\/manezylozano.com\/fr\/wp-json\/wp\/v2\/users\/1"}],"replies":[{"embeddable":true,"href":"https:\/\/manezylozano.com\/fr\/wp-json\/wp\/v2\/comments?post=55084"}],"version-history":[{"count":0,"href":"https:\/\/manezylozano.com\/fr\/wp-json\/wp\/v2\/pages\/55084\/revisions"}],"wp:attachment":[{"href":"https:\/\/manezylozano.com\/fr\/wp-json\/wp\/v2\/media?parent=55084"}],"curies":[{"name":"wp","href":"https:\/\/api.w.org\/{rel}","templated":true}]}}