{"id":55474,"date":"2020-01-28T17:15:24","date_gmt":"2020-01-28T17:15:24","guid":{"rendered":"https:\/\/manezylozano.com\/atomiseurs-pour-cultures-de-noyer\/"},"modified":"2020-01-30T16:31:39","modified_gmt":"2020-01-30T16:31:39","slug":"atomiseurs-pour-cultures-de-noyer","status":"publish","type":"page","link":"https:\/\/manezylozano.com\/fr\/atomiseurs-pour-cultures-de-noyer\/","title":{"rendered":"Atomiseurs pour cultures de noyer"},"content":{"rendered":"","protected":false},"excerpt":{"rendered":"","protected":false},"author":1,"featured_media":0,"parent":0,"menu_order":10,"comment_status":"closed","ping_status":"closed","template":"template-portfolio-masonry.php","meta":{"_monsterinsights_skip_tracking":false,"_monsterinsights_sitenote_active":false,"_monsterinsights_sitenote_note":"","_monsterinsights_sitenote_category":0,"footnotes":""},"yoast_head":"<!-- This site is optimized with the Yoast SEO plugin v23.3 - https:\/\/yoast.com\/wordpress\/plugins\/seo\/ -->\n<title>Atomiseurs pour cultures de noyer - Ma\u00f1ez y Lozano Twister Sprayers<\/title>\n<meta name=\"description\" content=\"Atomiseurs pour cultures de noyer Ma\u00f1ez y Lozano Twister Sprayers. Les meilleurs atomiseurs tra\u00een\u00e9s et suspendus pour la culture du noyer.\" \/>\n<meta name=\"robots\" content=\"index, follow, max-snippet:-1, max-image-preview:large, max-video-preview:-1\" \/>\n<link rel=\"canonical\" href=\"https:\/\/manezylozano.com\/fr\/atomiseurs-pour-cultures-de-noyer\/\" \/>\n<meta property=\"og:locale\" content=\"fr_FR\" \/>\n<meta property=\"og:type\" content=\"article\" \/>\n<meta property=\"og:title\" content=\"Atomiseurs pour cultures de noyer - Ma\u00f1ez y Lozano Twister Sprayers\" \/>\n<meta property=\"og:description\" content=\"Atomiseurs pour cultures de noyer Ma\u00f1ez y Lozano Twister Sprayers. Les meilleurs atomiseurs tra\u00een\u00e9s et suspendus pour la culture du noyer.\" \/>\n<meta property=\"og:url\" content=\"https:\/\/manezylozano.com\/fr\/atomiseurs-pour-cultures-de-noyer\/\" \/>\n<meta property=\"og:site_name\" content=\"Ma\u00f1ez y Lozano\" \/>\n<meta property=\"article:modified_time\" content=\"2020-01-30T16:31:39+00:00\" \/>\n<meta name=\"twitter:card\" content=\"summary_large_image\" \/>\n<script type=\"application\/ld+json\" class=\"yoast-schema-graph\">{\"@context\":\"https:\/\/schema.org\",\"@graph\":[{\"@type\":\"WebPage\",\"@id\":\"https:\/\/manezylozano.com\/fr\/atomiseurs-pour-cultures-de-noyer\/\",\"url\":\"https:\/\/manezylozano.com\/fr\/atomiseurs-pour-cultures-de-noyer\/\",\"name\":\"Atomiseurs pour cultures de noyer - Ma\u00f1ez y Lozano Twister Sprayers\",\"isPartOf\":{\"@id\":\"https:\/\/manezylozano.com\/#website\"},\"datePublished\":\"2020-01-28T17:15:24+00:00\",\"dateModified\":\"2020-01-30T16:31:39+00:00\",\"description\":\"Atomiseurs pour cultures de noyer Ma\u00f1ez y Lozano Twister Sprayers. Les meilleurs atomiseurs tra\u00een\u00e9s et suspendus pour la culture du noyer.\",\"breadcrumb\":{\"@id\":\"https:\/\/manezylozano.com\/fr\/atomiseurs-pour-cultures-de-noyer\/#breadcrumb\"},\"inLanguage\":\"fr-FR\",\"potentialAction\":[{\"@type\":\"ReadAction\",\"target\":[\"https:\/\/manezylozano.com\/fr\/atomiseurs-pour-cultures-de-noyer\/\"]}]},{\"@type\":\"BreadcrumbList\",\"@id\":\"https:\/\/manezylozano.com\/fr\/atomiseurs-pour-cultures-de-noyer\/#breadcrumb\",\"itemListElement\":[{\"@type\":\"ListItem\",\"position\":1,\"name\":\"Portada\",\"item\":\"https:\/\/manezylozano.com\/fr\/\"},{\"@type\":\"ListItem\",\"position\":2,\"name\":\"Atomiseurs pour cultures de noyer\"}]},{\"@type\":\"WebSite\",\"@id\":\"https:\/\/manezylozano.com\/#website\",\"url\":\"https:\/\/manezylozano.com\/\",\"name\":\"Ma\u00f1ez y Lozano\",\"description\":\"Atomizadores\",\"publisher\":{\"@id\":\"https:\/\/manezylozano.com\/#organization\"},\"potentialAction\":[{\"@type\":\"SearchAction\",\"target\":{\"@type\":\"EntryPoint\",\"urlTemplate\":\"https:\/\/manezylozano.com\/?s={search_term_string}\"},\"query-input\":\"required name=search_term_string\"}],\"inLanguage\":\"fr-FR\"},{\"@type\":\"Organization\",\"@id\":\"https:\/\/manezylozano.com\/#organization\",\"name\":\"Ma\u00f1ez y Lozano\",\"url\":\"https:\/\/manezylozano.com\/\",\"logo\":{\"@type\":\"ImageObject\",\"inLanguage\":\"fr-FR\",\"@id\":\"https:\/\/manezylozano.com\/#\/schema\/logo\/image\/\",\"url\":\"https:\/\/manezylozano.com\/wp-content\/uploads\/2018\/03\/3CC1936C-CABB-494E-A4AF-4F29BCB3D712.png\",\"contentUrl\":\"https:\/\/manezylozano.com\/wp-content\/uploads\/2018\/03\/3CC1936C-CABB-494E-A4AF-4F29BCB3D712.png\",\"width\":200,\"height\":101,\"caption\":\"Ma\u00f1ez y Lozano\"},\"image\":{\"@id\":\"https:\/\/manezylozano.com\/#\/schema\/logo\/image\/\"}}]}<\/script>\n<!-- \/ Yoast SEO plugin. -->","yoast_head_json":{"title":"Atomiseurs pour cultures de noyer - Ma\u00f1ez y Lozano Twister Sprayers","description":"Atomiseurs pour cultures de noyer Ma\u00f1ez y Lozano Twister Sprayers. Les meilleurs atomiseurs tra\u00een\u00e9s et suspendus pour la culture du noyer.","robots":{"index":"index","follow":"follow","max-snippet":"max-snippet:-1","max-image-preview":"max-image-preview:large","max-video-preview":"max-video-preview:-1"},"canonical":"https:\/\/manezylozano.com\/fr\/atomiseurs-pour-cultures-de-noyer\/","og_locale":"fr_FR","og_type":"article","og_title":"Atomiseurs pour cultures de noyer - Ma\u00f1ez y Lozano Twister Sprayers","og_description":"Atomiseurs pour cultures de noyer Ma\u00f1ez y Lozano Twister Sprayers. Les meilleurs atomiseurs tra\u00een\u00e9s et suspendus pour la culture du noyer.","og_url":"https:\/\/manezylozano.com\/fr\/atomiseurs-pour-cultures-de-noyer\/","og_site_name":"Ma\u00f1ez y Lozano","article_modified_time":"2020-01-30T16:31:39+00:00","twitter_card":"summary_large_image","schema":{"@context":"https:\/\/schema.org","@graph":[{"@type":"WebPage","@id":"https:\/\/manezylozano.com\/fr\/atomiseurs-pour-cultures-de-noyer\/","url":"https:\/\/manezylozano.com\/fr\/atomiseurs-pour-cultures-de-noyer\/","name":"Atomiseurs pour cultures de noyer - Ma\u00f1ez y Lozano Twister Sprayers","isPartOf":{"@id":"https:\/\/manezylozano.com\/#website"},"datePublished":"2020-01-28T17:15:24+00:00","dateModified":"2020-01-30T16:31:39+00:00","description":"Atomiseurs pour cultures de noyer Ma\u00f1ez y Lozano Twister Sprayers. Les meilleurs atomiseurs tra\u00een\u00e9s et suspendus pour la culture du noyer.","breadcrumb":{"@id":"https:\/\/manezylozano.com\/fr\/atomiseurs-pour-cultures-de-noyer\/#breadcrumb"},"inLanguage":"fr-FR","potentialAction":[{"@type":"ReadAction","target":["https:\/\/manezylozano.com\/fr\/atomiseurs-pour-cultures-de-noyer\/"]}]},{"@type":"BreadcrumbList","@id":"https:\/\/manezylozano.com\/fr\/atomiseurs-pour-cultures-de-noyer\/#breadcrumb","itemListElement":[{"@type":"ListItem","position":1,"name":"Portada","item":"https:\/\/manezylozano.com\/fr\/"},{"@type":"ListItem","position":2,"name":"Atomiseurs pour cultures de noyer"}]},{"@type":"WebSite","@id":"https:\/\/manezylozano.com\/#website","url":"https:\/\/manezylozano.com\/","name":"Ma\u00f1ez y Lozano","description":"Atomizadores","publisher":{"@id":"https:\/\/manezylozano.com\/#organization"},"potentialAction":[{"@type":"SearchAction","target":{"@type":"EntryPoint","urlTemplate":"https:\/\/manezylozano.com\/?s={search_term_string}"},"query-input":"required name=search_term_string"}],"inLanguage":"fr-FR"},{"@type":"Organization","@id":"https:\/\/manezylozano.com\/#organization","name":"Ma\u00f1ez y Lozano","url":"https:\/\/manezylozano.com\/","logo":{"@type":"ImageObject","inLanguage":"fr-FR","@id":"https:\/\/manezylozano.com\/#\/schema\/logo\/image\/","url":"https:\/\/manezylozano.com\/wp-content\/uploads\/2018\/03\/3CC1936C-CABB-494E-A4AF-4F29BCB3D712.png","contentUrl":"https:\/\/manezylozano.com\/wp-content\/uploads\/2018\/03\/3CC1936C-CABB-494E-A4AF-4F29BCB3D712.png","width":200,"height":101,"caption":"Ma\u00f1ez y Lozano"},"image":{"@id":"https:\/\/manezylozano.com\/#\/schema\/logo\/image\/"}}]}},"_links":{"self":[{"href":"https:\/\/manezylozano.com\/fr\/wp-json\/wp\/v2\/pages\/55474"}],"collection":[{"href":"https:\/\/manezylozano.com\/fr\/wp-json\/wp\/v2\/pages"}],"about":[{"href":"https:\/\/manezylozano.com\/fr\/wp-json\/wp\/v2\/types\/page"}],"author":[{"embeddable":true,"href":"https:\/\/manezylozano.com\/fr\/wp-json\/wp\/v2\/users\/1"}],"replies":[{"embeddable":true,"href":"https:\/\/manezylozano.com\/fr\/wp-json\/wp\/v2\/comments?post=55474"}],"version-history":[{"count":0,"href":"https:\/\/manezylozano.com\/fr\/wp-json\/wp\/v2\/pages\/55474\/revisions"}],"wp:attachment":[{"href":"https:\/\/manezylozano.com\/fr\/wp-json\/wp\/v2\/media?parent=55474"}],"curies":[{"name":"wp","href":"https:\/\/api.w.org\/{rel}","templated":true}]}}